{"id":57,"date":"2026-04-11T13:31:12","date_gmt":"2026-04-11T13:31:12","guid":{"rendered":"https:\/\/www.milestonesdejazz.com\/?page_id=57"},"modified":"2026-04-11T17:44:16","modified_gmt":"2026-04-11T17:44:16","slug":"home","status":"publish","type":"page","link":"https:\/\/www.milestonesdejazz.com\/","title":{"rendered":"Home"},"content":{"rendered":"<div class=\"et_pb_section_0 et_pb_section et_section_regular et_block_section et_pb_section_parallax section_has_divider et_pb_bottom_divider\"><span class=\"et-pb-parallax-wrapper\"><span class=\"et-pb-parallax-background et-pb-parallax-background-module--divi-section-0\" style=\"background-image:url(https:\/\/www.milestonesdejazz.com\/wp-content\/uploads\/2026\/04\/bigbang-117-1-1-scaled-e1775922423842.jpg)\"><\/span><\/span>\n<div class=\"et_pb_row_0 et_pb_row et_block_row preset--module--divi-row--5138c454-be54-4233-bd3b-f8e6a8747976\">\n<div class=\"et_pb_column_0 et_pb_column et_pb_column_4_4 et-last-child et_block_column et_pb_css_mix_blend_mode_passthrough preset--module--divi-column--73121f80-a3ef-4484-8763-c3f18e3c56d2\">\n<div class=\"et_pb_heading_0 et_pb_heading et_pb_module et_block_module preset--module--divi-heading--default\"><div class=\"et_pb_heading_container\"><h2 class=\"et_pb_module_header\">Compte Enrere, TORNEM<\/h2><\/div><\/div>\n\n<div class=\"et_pb_text_0 et_pb_text et_pb_bg_layout_light et_pb_module et_block_module et_pb_text_align_center preset--module--divi-text--0504de1e-f5ff-4281-ba60-cbbe4edf98bc\"><div class=\"et_pb_text_inner\"><p>El festival comen\u00e7a el 10 d'agost de 2026. No et perdes l'oportunitat de viure aquesta experi\u00e8ncia \u00fanica!<\/p>\n<\/div><\/div>\n\n<div class=\"et_pb_countdown_timer_0 et_pb_countdown_timer et_pb_bg_layout_dark et_pb_no_bg et_pb_module et_block_module preset--module--divi-countdown-timer--c8fe212b-2c10-4f2f-9c49-7e5af028f205\" data-end-timestamp=\"1786320000\"><div class=\"et_pb_countdown_timer_container clearfix\"><div class=\"days section values\" data-short=\"D\" data-full=\"D\u00eda(s)\"><p class=\"value\"><\/p><p class=\"label\">D\u00eda(s)<\/p><\/div><div class=\"sep section\"><p>:<\/p><\/div><div class=\"hours section values\" data-short=\"H\" data-full=\"Hora(s)\"><p class=\"value\"><\/p><p class=\"label\">Hora(s)<\/p><\/div><div class=\"sep section\"><p>:<\/p><\/div><div class=\"minutes section values\" data-short=\"Min\" data-full=\"Minuto(s)\"><p class=\"value\"><\/p><p class=\"label\">Minuto(s)<\/p><\/div><div class=\"sep section\"><p>:<\/p><\/div><div class=\"seconds section values\" data-short=\"Seg\" data-full=\"Segundo(s)\"><p class=\"value\"><\/p><p class=\"label\">Segundo(s)<\/p><\/div><\/div><\/div>\n<\/div>\n<\/div>\n\n<div class=\"et_pb_row_1 et_pb_row et_flex_row\">\n<div class=\"et_pb_column_1 et_pb_column et_flex_column et_pb_column_empty et_pb_css_mix_blend_mode_passthrough et_flex_column_6_24 et_flex_column_12_24_tablet et_flex_column_24_24_phone\"><\/div>\n\n<div class=\"et_pb_column_2 et_pb_column et_flex_column et_pb_css_mix_blend_mode_passthrough et_flex_column_6_24 et_flex_column_12_24_tablet et_flex_column_24_24_phone\">\n<div class=\"et_pb_image_0 et_pb_image et_pb_module et_flex_module preset--module--divi-image--default\"><span class=\"et_pb_image_wrap\"><img loading=\"lazy\" decoding=\"async\" src=\"https:\/\/www.milestonesdejazz.com\/wp-content\/uploads\/2026\/04\/Logo-de-Mil-Estones-de-Jazz.png\" title=\"Logo de Mil Estones de Jazz\" width=\"1024\" height=\"1024\" srcset=\"https:\/\/www.milestonesdejazz.com\/wp-content\/uploads\/2026\/04\/Logo-de-Mil-Estones-de-Jazz.png 1024w, https:\/\/www.milestonesdejazz.com\/wp-content\/uploads\/2026\/04\/Logo-de-Mil-Estones-de-Jazz-980x980.png 980w, https:\/\/www.milestonesdejazz.com\/wp-content\/uploads\/2026\/04\/Logo-de-Mil-Estones-de-Jazz-480x480.png 480w\" sizes=\"(min-width: 0px) and (max-width: 480px) 480px, (min-width: 481px) and (max-width: 980px) 980px, (min-width: 981px) 1024px, 100vw\" class=\"wp-image-136\" \/><\/span><\/div>\n<\/div>\n\n<div class=\"et_pb_column_3 et_pb_column et_flex_column et_pb_css_mix_blend_mode_passthrough et_flex_column_6_24 et_flex_column_12_24_tablet et_flex_column_24_24_phone\">\n<div class=\"et_pb_image_1 et_pb_image et_pb_module et_flex_module preset--module--divi-image--default\"><span class=\"et_pb_image_wrap\"><img loading=\"lazy\" decoding=\"async\" src=\"https:\/\/www.milestonesdejazz.com\/wp-content\/uploads\/2026\/04\/LOGO_blanc-scaled.png\" title=\"LOGO_blanc\" width=\"1900\" height=\"2560\" srcset=\"https:\/\/www.milestonesdejazz.com\/wp-content\/uploads\/2026\/04\/LOGO_blanc-scaled.png 1900w, https:\/\/www.milestonesdejazz.com\/wp-content\/uploads\/2026\/04\/LOGO_blanc-1280x1725.png 1280w, https:\/\/www.milestonesdejazz.com\/wp-content\/uploads\/2026\/04\/LOGO_blanc-980x1320.png 980w, https:\/\/www.milestonesdejazz.com\/wp-content\/uploads\/2026\/04\/LOGO_blanc-480x647.png 480w\" sizes=\"(min-width: 0px) and (max-width: 480px) 480px, (min-width: 481px) and (max-width: 980px) 980px, (min-width: 981px) and (max-width: 1280px) 1280px, (min-width: 1281px) 1900px, 100vw\" class=\"wp-image-130\" \/><\/span><\/div>\n<\/div>\n\n<div class=\"et_pb_column_4 et_pb_column et-last-child et_flex_column et_pb_column_empty et_pb_css_mix_blend_mode_passthrough et_flex_column_6_24 et_flex_column_12_24_tablet et_flex_column_24_24_phone\"><\/div>\n<\/div>\n<div class=\"et_pb_bottom_inside_divider et-no-transition\"><\/div><\/div>\n\n<div class=\"et_pb_section_1 et_pb_section et_section_specialty et_pb_gutters3 et_block_section\"><div class=\"et_pb_row et_block_row\">\n<div class=\"et_pb_column_5 et_pb_column et_pb_specialty_column et_pb_column_2_3 et_block_column et_pb_css_mix_blend_mode_passthrough\">\n<div class=\"et_pb_row_inner_0 et_pb_row_inner et_block_row\">\n<div class=\"et_pb_column_inner_0 et_pb_column_inner et_pb_column et_pb_column_4_4 et-last-child et_block_column et_pb_css_mix_blend_mode_passthrough preset--module--divi-column-inner--73121f80-a3ef-4484-8763-c3f18e3c56d2\">\n<div class=\"et_pb_heading_1 et_pb_heading et_pb_module et_block_module preset--module--divi-heading--ddeb8c09-9078-4424-bc15-2efb6572e28e\"><div class=\"et_pb_heading_container\"><h1 class=\"et_pb_module_header\">Pr\u00f2ximament<\/h1><\/div><\/div>\n\n<div class=\"et_pb_text_1 et_pb_text et_pb_bg_layout_light et_pb_module et_block_module preset--module--divi-text--default\"><div class=\"et_pb_text_inner\"><p><span>Ens fa molt feli\u00e7os anunciar que la segona edici\u00f3 del Mil Estones de Jazz ja t\u00e9 data!<\/span><\/p>\n<p><span><strong>Del 10 al 16 d'agost tornarem<\/strong> a viure una setmana sencera de jazz a Beneixama amb cursos, concerts, artistes convidats, jam sessions, la Mil Estones Big Band i molt m\u00e9s que estem preparant amb moltes ganes!<\/span><\/p>\n<p><span>Pr\u00f2ximament confirmarem m\u00e9s detalls i moltes sorpreses.<\/span><\/p>\n<p><span>Manteniu-vos atents!<\/span><\/p>\n<\/div><\/div>\n<\/div>\n<\/div>\n<\/div>\n\n<div class=\"et_pb_column_6 et_pb_column et_pb_column_single et_pb_column_1_3 et-last-child et_block_column et_pb_css_mix_blend_mode_passthrough preset--module--divi-column--73121f80-a3ef-4484-8763-c3f18e3c56d2\">\n<div class=\"et_pb_image_2 et_pb_image et_pb_module et_block_module preset--module--divi-image--1cc6152f-565c-4c4d-b0c9-cf8c9576c341\"><span class=\"et_pb_image_wrap\"><img loading=\"lazy\" decoding=\"async\" src=\"https:\/\/www.milestonesdejazz.com\/wp-content\/uploads\/2026\/04\/mil-estones-2026-1-1_page-0001.jpg\" title=\"mil estones 2026 (1)-1_page-0001\" width=\"1241\" height=\"1754\" srcset=\"https:\/\/www.milestonesdejazz.com\/wp-content\/uploads\/2026\/04\/mil-estones-2026-1-1_page-0001.jpg 1241w, https:\/\/www.milestonesdejazz.com\/wp-content\/uploads\/2026\/04\/mil-estones-2026-1-1_page-0001-980x1385.jpg 980w, https:\/\/www.milestonesdejazz.com\/wp-content\/uploads\/2026\/04\/mil-estones-2026-1-1_page-0001-480x678.jpg 480w\" sizes=\"(min-width: 0px) and (max-width: 480px) 480px, (min-width: 481px) and (max-width: 980px) 980px, (min-width: 981px) 1241px, 100vw\" class=\"wp-image-102\" \/><\/span><\/div>\n<\/div>\n<\/div><\/div>\n\n<div class=\"et_pb_section_2 et_pb_section et_section_regular et_block_section et_pb_section_parallax section_has_divider et_pb_top_divider et_pb_bottom_divider\"><div class=\"et_pb_top_inside_divider et-no-transition\"><\/div><span class=\"et-pb-parallax-wrapper\"><span class=\"et-pb-parallax-background et-pb-parallax-background-module--divi-section-2\" style=\"background-image:url(https:\/\/www.milestonesdejazz.com\/wp-content\/uploads\/2026\/04\/mil-estones-2026-1-1_page-0001-1-e1775927490404.jpg)\"><\/span><\/span><div class=\"et_pb_bottom_inside_divider et-no-transition\"><\/div><\/div>","protected":false},"excerpt":{"rendered":"","protected":false},"author":1,"featured_media":0,"parent":0,"menu_order":0,"comment_status":"closed","ping_status":"closed","template":"","meta":{"footnotes":""},"class_list":["post-57","page","type-page","status-publish","hentry"],"_links":{"self":[{"href":"https:\/\/www.milestonesdejazz.com\/index.php\/wp-json\/wp\/v2\/pages\/57","targetHints":{"allow":["GET"]}}],"collection":[{"href":"https:\/\/www.milestonesdejazz.com\/index.php\/wp-json\/wp\/v2\/pages"}],"about":[{"href":"https:\/\/www.milestonesdejazz.com\/index.php\/wp-json\/wp\/v2\/types\/page"}],"author":[{"embeddable":true,"href":"https:\/\/www.milestonesdejazz.com\/index.php\/wp-json\/wp\/v2\/users\/1"}],"replies":[{"embeddable":true,"href":"https:\/\/www.milestonesdejazz.com\/index.php\/wp-json\/wp\/v2\/comments?post=57"}],"version-history":[{"count":22,"href":"https:\/\/www.milestonesdejazz.com\/index.php\/wp-json\/wp\/v2\/pages\/57\/revisions"}],"predecessor-version":[{"id":139,"href":"https:\/\/www.milestonesdejazz.com\/index.php\/wp-json\/wp\/v2\/pages\/57\/revisions\/139"}],"wp:attachment":[{"href":"https:\/\/www.milestonesdejazz.com\/index.php\/wp-json\/wp\/v2\/media?parent=57"}],"curies":[{"name":"wp","href":"https:\/\/api.w.org\/{rel}","templated":true}]}}